{"id":6,"date":"2025-03-13T16:41:24","date_gmt":"2025-03-13T15:41:24","guid":{"rendered":"http:\/\/hypnose-aline.com\/?page_id=6"},"modified":"2025-03-19T14:01:58","modified_gmt":"2025-03-19T13:01:58","slug":"qui-suis-je","status":"publish","type":"page","link":"http:\/\/hypnose-aline.com\/?page_id=6","title":{"rendered":"Qui suis-je ?"},"content":{"rendered":"\n<p>Tout a commenc\u00e9 il y a quelques ann\u00e9es, apr\u00e8s de multiples tentatives infructueuses pour arr\u00eater de fumer. J\u2019ai d\u00e9cid\u00e9 de consulter une hypnoth\u00e9rapeute. Deux s\u00e9ances ont suffi pour que je me lib\u00e8re de cette habitude. Je suis \u00e9merveill\u00e9e d\u2019y parvenir aussi naturellement et simplement. Comme une r\u00e9v\u00e9lation, je sens qu\u2019une nouvelle aventure m\u2019appelle.<\/p>\n\n\n\n<p>Je me suis form\u00e9e \u00e0 l\u2019hypnose Ericksonienne \u00e0 l\u2019institut Psynapse. Aujourd\u2019hui, je suis tr\u00e8s heureuse de pouvoir mettre \u00e0 profit mon savoir-faire et mes connaissances pour vous accompagner dans votre besoin de changement. Mon exp\u00e9rience professionnelle dans le domaine du commerce et du management, acquise au d\u00e9but de ma carri\u00e8re, constitue un atout pr\u00e9cieux dans ma pratique. J\u2019ai d\u00e9velopp\u00e9 une \u00e9coute et une adaptabilit\u00e9 indispensables pour personnaliser mes s\u00e9ances de mani\u00e8re efficace.<\/p>\n\n\n\n<p>Vous \u00eates unique, et c\u2019est dans cette perspective que je mets \u00e0 votre service mes comp\u00e9tences et ma bienveillance.<\/p>\n\n\n\n<p>Je vous dis \u00e0 tr\u00e8s vite !<\/p>\n\n\n\n<div style=\"height:70px\" aria-hidden=\"true\" class=\"wp-block-spacer\"><\/div>\n\n\n\n<figure class=\"wp-block-image aligncenter size-full is-resized\"><img loading=\"lazy\" decoding=\"async\" width=\"129\" height=\"130\" src=\"http:\/\/hypnose-aline.com\/wp-content\/uploads\/2025\/03\/Point01-03.png\" alt=\"\" class=\"wp-image-68\" style=\"width:56px;height:auto\"\/><\/figure>\n\n\n\n<div style=\"height:70px\" aria-hidden=\"true\" class=\"wp-block-spacer\"><\/div>\n\n\n\n<p>Je suis form\u00e9e et certifi\u00e9e par l&rsquo;Institut Psynapse, membre de la <strong>FFHTB<\/strong> (F\u00e9d\u00e9ration Fran\u00e7aise de l&rsquo;Hypnose et Th\u00e9rapie Br\u00e8ve) et de la <strong>WHO<\/strong> (World Hypnosis Organization).<\/p>\n\n\n\n<p><\/p>\n","protected":false},"excerpt":{"rendered":"<p>Tout a commenc\u00e9 il y a quelques ann\u00e9es, apr\u00e8s de multiples tentatives infructueuses pour arr\u00eater de fumer. J\u2019ai d\u00e9cid\u00e9 de consulter une hypnoth\u00e9rapeute. Deux s\u00e9ances ont suffi pour que je me lib\u00e8re de cette habitude. Je suis \u00e9merveill\u00e9e d\u2019y parvenir aussi naturellement et simplement. Comme une r\u00e9v\u00e9lation, je sens qu\u2019une nouvelle aventure m\u2019appelle. Je me [&hellip;]<\/p>\n","protected":false},"author":1,"featured_media":0,"parent":0,"menu_order":1,"comment_status":"closed","ping_status":"closed","template":"","meta":{"footnotes":""},"class_list":["post-6","page","type-page","status-publish","hentry"],"_links":{"self":[{"href":"http:\/\/hypnose-aline.com\/index.php?rest_route=\/wp\/v2\/pages\/6","targetHints":{"allow":["GET"]}}],"collection":[{"href":"http:\/\/hypnose-aline.com\/index.php?rest_route=\/wp\/v2\/pages"}],"about":[{"href":"http:\/\/hypnose-aline.com\/index.php?rest_route=\/wp\/v2\/types\/page"}],"author":[{"embeddable":true,"href":"http:\/\/hypnose-aline.com\/index.php?rest_route=\/wp\/v2\/users\/1"}],"replies":[{"embeddable":true,"href":"http:\/\/hypnose-aline.com\/index.php?rest_route=%2Fwp%2Fv2%2Fcomments&post=6"}],"version-history":[{"count":5,"href":"http:\/\/hypnose-aline.com\/index.php?rest_route=\/wp\/v2\/pages\/6\/revisions"}],"predecessor-version":[{"id":70,"href":"http:\/\/hypnose-aline.com\/index.php?rest_route=\/wp\/v2\/pages\/6\/revisions\/70"}],"wp:attachment":[{"href":"http:\/\/hypnose-aline.com\/index.php?rest_route=%2Fwp%2Fv2%2Fmedia&parent=6"}],"curies":[{"name":"wp","href":"https:\/\/api.w.org\/{rel}","templated":true}]}}