{"id":5,"date":"2025-03-13T16:41:24","date_gmt":"2025-03-13T15:41:24","guid":{"rendered":"http:\/\/hypnose-aline.com\/?page_id=5"},"modified":"2025-06-15T16:35:20","modified_gmt":"2025-06-15T14:35:20","slug":"accueil","status":"publish","type":"page","link":"http:\/\/hypnose-aline.com\/","title":{"rendered":""},"content":{"rendered":"\n<div class=\"wp-block-columns is-layout-flex wp-container-core-columns-is-layout-28f84493 wp-block-columns-is-layout-flex\">\n<div class=\"wp-block-column is-vertically-aligned-bottom is-layout-flow wp-block-column-is-layout-flow\">\n<figure class=\"wp-block-image aligncenter size-large\"><img loading=\"lazy\" decoding=\"async\" width=\"1024\" height=\"713\" src=\"http:\/\/hypnose-aline.com\/wp-content\/uploads\/2025\/03\/Accueil01-01-1024x713.png\" alt=\"\" class=\"wp-image-32\" srcset=\"http:\/\/hypnose-aline.com\/wp-content\/uploads\/2025\/03\/Accueil01-01-1024x713.png 1024w, http:\/\/hypnose-aline.com\/wp-content\/uploads\/2025\/03\/Accueil01-01-300x209.png 300w, http:\/\/hypnose-aline.com\/wp-content\/uploads\/2025\/03\/Accueil01-01-768x535.png 768w, http:\/\/hypnose-aline.com\/wp-content\/uploads\/2025\/03\/Accueil01-01.png 1121w\" sizes=\"auto, (max-width: 1024px) 100vw, 1024px\" \/><\/figure>\n<\/div>\n\n\n\n<div class=\"wp-block-column is-vertically-aligned-center is-layout-flow wp-block-column-is-layout-flow\">\n<figure class=\"wp-block-image size-full\"><img loading=\"lazy\" decoding=\"async\" width=\"692\" height=\"241\" src=\"http:\/\/hypnose-aline.com\/wp-content\/uploads\/2025\/03\/LOGOtypo-02.png\" alt=\"\" class=\"wp-image-33\" srcset=\"http:\/\/hypnose-aline.com\/wp-content\/uploads\/2025\/03\/LOGOtypo-02.png 692w, http:\/\/hypnose-aline.com\/wp-content\/uploads\/2025\/03\/LOGOtypo-02-300x104.png 300w\" sizes=\"auto, (max-width: 692px) 100vw, 692px\" \/><\/figure>\n\n\n\n<blockquote class=\"wp-block-quote is-layout-flow wp-block-quote-is-layout-flow\">\n<p><em><mark style=\"background-color:rgba(0, 0, 0, 0)\" class=\"has-inline-color has-green-color\">\u00c0 chaque instant, une personne fait le meilleur choix qui est \u00e0 sa disposition<\/mark><\/em><\/p>\n<\/blockquote>\n<\/div>\n<\/div>\n\n\n\n<hr class=\"wp-block-separator has-alpha-channel-opacity\"\/>\n\n\n\n<h4 class=\"wp-block-heading\"><strong>L\u2019hypnose est un \u00e9tat de conscience modifi\u00e9 qui facilite le changement.<\/strong> Dans cet \u00e9tat, les solutions \u00e9mergent naturellement, comme si elles avaient toujours \u00e9t\u00e9 en vous. De nouveaux apprentissages plus b\u00e9n\u00e9fiques peuvent alors s\u2019ancrer durablement. Une \u00e0 cinq s\u00e9ances suffisent g\u00e9n\u00e9ralement.<\/h4>\n\n\n\n<hr class=\"wp-block-separator has-alpha-channel-opacity\"\/>\n\n\n\n<div class=\"wp-block-group alignfull has-global-padding is-layout-constrained wp-container-core-group-is-layout-ebee8dc1 wp-block-group-is-layout-constrained\" style=\"margin-top:0;margin-bottom:0;padding-top:var(--wp--preset--spacing--50);padding-bottom:var(--wp--preset--spacing--50)\">\n<h2 class=\"wp-block-heading alignwide\">Applications<\/h2>\n\n\n\n<div class=\"wp-block-columns alignwide is-layout-flex wp-container-core-columns-is-layout-28f84493 wp-block-columns-is-layout-flex\">\n<div class=\"wp-block-column is-layout-flow wp-block-column-is-layout-flow\">\n<figure class=\"wp-block-image size-full\" style=\"margin-bottom:24px\"><img loading=\"lazy\" decoding=\"async\" width=\"425\" height=\"425\" src=\"http:\/\/hypnose-aline.com\/wp-content\/uploads\/2025\/03\/PertePoids.png\" alt=\"\" class=\"wp-image-55\" style=\"aspect-ratio:4\/3;object-fit:cover\" srcset=\"http:\/\/hypnose-aline.com\/wp-content\/uploads\/2025\/03\/PertePoids.png 425w, http:\/\/hypnose-aline.com\/wp-content\/uploads\/2025\/03\/PertePoids-300x300.png 300w, http:\/\/hypnose-aline.com\/wp-content\/uploads\/2025\/03\/PertePoids-150x150.png 150w\" sizes=\"auto, (max-width: 425px) 100vw, 425px\" \/><\/figure>\n\n\n\n<h3 class=\"wp-block-heading\">Perte de poids<\/h3>\n\n\n\n<p class=\"has-medium-font-size\"><strong>J\u2019\u00e9coute et recueille les \u00e9l\u00e9ments essentiels pour concevoir des s\u00e9ances adapt\u00e9es \u00e0 vos besoins. <\/strong>Derri\u00e8re le surpoids se cachent des \u00e9motions, des comportements, un m\u00e9tabolisme. Qu\u2019il s\u2019agisse de kilos install\u00e9s au fil des ann\u00e9es ou d\u2019un changement li\u00e9 \u00e0 une p\u00e9riode particuli\u00e8re de votre vie, rien n\u2019est fig\u00e9.<br>Le premier rendez-vous permet de d\u00e9finir votre objectif. Pas \u00e0 pas, je vous accompagne ensuite avec bienveillance dans cette transformation.<\/p>\n<\/div>\n\n\n\n<div class=\"wp-block-column is-layout-flow wp-block-column-is-layout-flow\">\n<figure class=\"wp-block-image size-full\" style=\"margin-bottom:24px\"><img loading=\"lazy\" decoding=\"async\" width=\"425\" height=\"425\" src=\"http:\/\/hypnose-aline.com\/wp-content\/uploads\/2025\/03\/Anneau.png\" alt=\"\" class=\"wp-image-56\" style=\"aspect-ratio:4\/3;object-fit:cover\" srcset=\"http:\/\/hypnose-aline.com\/wp-content\/uploads\/2025\/03\/Anneau.png 425w, http:\/\/hypnose-aline.com\/wp-content\/uploads\/2025\/03\/Anneau-300x300.png 300w, http:\/\/hypnose-aline.com\/wp-content\/uploads\/2025\/03\/Anneau-150x150.png 150w\" sizes=\"auto, (max-width: 425px) 100vw, 425px\" \/><\/figure>\n\n\n\n<h3 class=\"wp-block-heading\">Anneau gastrique virtuel &#8211; 5 s\u00e9ances<\/h3>\n\n\n\n<p class=\"has-medium-font-size\"><strong>Retrouvez votre \u00e9quilibre en douceur.<\/strong><br>Un accompagnement complet, recommand\u00e9 pour un indice de masse corporelle de 35 ou plus.<br>D\u00e8s la premi\u00e8re rencontre, nous \u00e9tablissons ensemble les r\u00e8gles d\u2019or pour atteindre votre objectif. Je vous explique chaque \u00e9tape avant la pose de votre anneau virtuel, pr\u00e9vue lors de la 4<sub><sup>e<\/sup><\/sub> s\u00e9ance. Nous \u00e9changeons librement, et je r\u00e9ponds \u00e0 toutes vos questions.<br>Des changements d\u2019habitudes sont n\u00e9cessaires. Les trois premiers rendez-vous vous aident \u00e0 les ancrer en douceur, sans frustration, pour une transition naturelle. Enfin, la derni\u00e8re s\u00e9ance permet de faire le point et d\u2019assurer le suivi de votre \u00e9volution.<\/p>\n<\/div>\n\n\n\n<div class=\"wp-block-column is-layout-flow wp-block-column-is-layout-flow\">\n<figure class=\"wp-block-image size-full\" style=\"margin-bottom:24px\"><img loading=\"lazy\" decoding=\"async\" width=\"425\" height=\"425\" src=\"http:\/\/hypnose-aline.com\/wp-content\/uploads\/2025\/03\/Confiance.png\" alt=\"\" class=\"wp-image-57\" style=\"aspect-ratio:4\/3;object-fit:cover\" srcset=\"http:\/\/hypnose-aline.com\/wp-content\/uploads\/2025\/03\/Confiance.png 425w, http:\/\/hypnose-aline.com\/wp-content\/uploads\/2025\/03\/Confiance-300x300.png 300w, http:\/\/hypnose-aline.com\/wp-content\/uploads\/2025\/03\/Confiance-150x150.png 150w\" sizes=\"auto, (max-width: 425px) 100vw, 425px\" \/><\/figure>\n\n\n\n<h3 class=\"wp-block-heading\">Confiance en soi<\/h3>\n\n\n\n<p class=\"has-medium-font-size\"><strong>Vous est-il d\u00e9j\u00e0 arriv\u00e9 de ressentir une \u00e9motion si forte qu\u2019elle impacte votre vie ?<\/strong> Un examen, un entretien, une prise de parole en public\u2026 Vous avez l\u2019impression d\u2019\u00e9chouer avant m\u00eame d\u2019essayer ? Le doute s\u2019installe ?<br>Vous \u00eates au bon endroit. Votre inconscient poss\u00e8de d\u00e9j\u00e0 les ressources n\u00e9cessaires pour que votre confiance reprenne toute sa place.<\/p>\n<\/div>\n<\/div>\n<\/div>\n\n\n\n<div class=\"wp-block-group alignfull has-global-padding is-layout-constrained wp-container-core-group-is-layout-ebee8dc1 wp-block-group-is-layout-constrained\" style=\"margin-top:0;margin-bottom:0;padding-top:var(--wp--preset--spacing--50);padding-bottom:var(--wp--preset--spacing--50)\">\n<div class=\"wp-block-columns alignwide is-layout-flex wp-container-core-columns-is-layout-28f84493 wp-block-columns-is-layout-flex\">\n<div class=\"wp-block-column is-layout-flow wp-block-column-is-layout-flow\">\n<figure class=\"wp-block-image size-full\" style=\"margin-bottom:24px\"><img loading=\"lazy\" decoding=\"async\" width=\"425\" height=\"425\" src=\"http:\/\/hypnose-aline.com\/wp-content\/uploads\/2025\/03\/ExperienceDifficile.png\" alt=\"\" class=\"wp-image-58\" style=\"aspect-ratio:4\/3;object-fit:cover\" srcset=\"http:\/\/hypnose-aline.com\/wp-content\/uploads\/2025\/03\/ExperienceDifficile.png 425w, http:\/\/hypnose-aline.com\/wp-content\/uploads\/2025\/03\/ExperienceDifficile-300x300.png 300w, http:\/\/hypnose-aline.com\/wp-content\/uploads\/2025\/03\/ExperienceDifficile-150x150.png 150w\" sizes=\"auto, (max-width: 425px) 100vw, 425px\" \/><\/figure>\n\n\n\n<h3 class=\"wp-block-heading\">Exp\u00e9rience difficile<\/h3>\n\n\n\n<p class=\"has-medium-font-size\"><strong>La vie est une succession d\u2019exp\u00e9riences, certaines lumineuses, d\u2019autres plus \u00e9prouvantes. <\/strong>De l\u2019enfance \u00e0 l\u2019\u00e2ge adulte, chaque v\u00e9cu laisse une empreinte. Les exp\u00e9riences n\u00e9gatives peuvent engendrer des blocages, des peurs, des \u00e9motions qui vous freinent et vous emp\u00eachent de vivre pleinement.<\/p>\n<\/div>\n\n\n\n<div class=\"wp-block-column is-layout-flow wp-block-column-is-layout-flow\">\n<figure class=\"wp-block-image size-full\" style=\"margin-bottom:24px\"><img loading=\"lazy\" decoding=\"async\" width=\"425\" height=\"425\" src=\"http:\/\/hypnose-aline.com\/wp-content\/uploads\/2025\/03\/ArretTabac.png\" alt=\"\" class=\"wp-image-59\" style=\"aspect-ratio:4\/3;object-fit:cover\" srcset=\"http:\/\/hypnose-aline.com\/wp-content\/uploads\/2025\/03\/ArretTabac.png 425w, http:\/\/hypnose-aline.com\/wp-content\/uploads\/2025\/03\/ArretTabac-300x300.png 300w, http:\/\/hypnose-aline.com\/wp-content\/uploads\/2025\/03\/ArretTabac-150x150.png 150w\" sizes=\"auto, (max-width: 425px) 100vw, 425px\" \/><\/figure>\n\n\n\n<h3 class=\"wp-block-heading\">Tabac<\/h3>\n\n\n\n<p class=\"has-medium-font-size\"><strong>Et si vous pouviez vous lib\u00e9rer du tabac plus facilement que vous ne l\u2019imaginez ?<\/strong><br>G\u00e9n\u00e9ralement, trois s\u00e9ances suffisent pour vous d\u00e9barrasser de cette habitude. D\u00e8s le premier rendez-vous, nous \u00e9changeons sur votre histoire avec le tabac afin de personnaliser vos s\u00e9ances.<br>L\u2019objectif : op\u00e9rer ce changement en douceur, sans les inconforts que tout fumeur redoute. Vous voyez ce que je veux dire ?<\/p>\n<\/div>\n\n\n\n<div class=\"wp-block-column is-layout-flow wp-block-column-is-layout-flow\">\n<figure class=\"wp-block-image size-full\" style=\"margin-bottom:24px\"><img loading=\"lazy\" decoding=\"async\" width=\"425\" height=\"425\" src=\"http:\/\/hypnose-aline.com\/wp-content\/uploads\/2025\/03\/Optimisation.png\" alt=\"\" class=\"wp-image-60\" style=\"aspect-ratio:4\/3;object-fit:cover\" srcset=\"http:\/\/hypnose-aline.com\/wp-content\/uploads\/2025\/03\/Optimisation.png 425w, http:\/\/hypnose-aline.com\/wp-content\/uploads\/2025\/03\/Optimisation-300x300.png 300w, http:\/\/hypnose-aline.com\/wp-content\/uploads\/2025\/03\/Optimisation-150x150.png 150w\" sizes=\"auto, (max-width: 425px) 100vw, 425px\" \/><\/figure>\n\n\n\n<h3 class=\"wp-block-heading\">Optimisation du potentiel<\/h3>\n\n\n\n<p class=\"has-medium-font-size\"><strong>Allier performance et s\u00e9r\u00e9nit\u00e9 au quotidien, c\u2019est possible !<\/strong><br>Vous souhaitez gagner en efficacit\u00e9, en rigueur et en organisation ? \u00catre plus performant dans vos apprentissages, plus structur\u00e9 ? Que ce soit dans votre vie professionnelle, personnelle ou les deux, offrez-vous la possibilit\u00e9 d\u2019all\u00e9ger votre charge mentale et votre stress.<br>Profitez pleinement de ce qui est essentiel pour vous, tout en d\u00e9veloppant votre potentiel.<\/p>\n<\/div>\n<\/div>\n<\/div>\n\n\n\n<div class=\"wp-block-group alignfull has-global-padding is-layout-constrained wp-container-core-group-is-layout-08655630 wp-block-group-is-layout-constrained\" style=\"margin-top:0;margin-bottom:0;padding-top:var(--wp--preset--spacing--80);padding-bottom:var(--wp--preset--spacing--80)\">\n<div class=\"wp-block-group alignwide is-layout-flow wp-block-group-is-layout-flow\">\n<p class=\"has-text-align-center is-style-text-display is-style-text-display--1\" style=\"font-style:normal;font-weight:400\">Vous avez des questions\u00a0? <br><a href=\"mailto:laudier.hypnose@gmail.com\" rel=\"nofollow\">N\u2019h\u00e9sitez pas \u00e0 me contacter.<\/a><\/p>\n\n\n\n<div style=\"height:var(--wp--preset--spacing--40)\" aria-hidden=\"true\" class=\"wp-block-spacer\"><\/div>\n\n\n\n<ul class=\"wp-block-social-links has-icon-color is-style-logos-only is-content-justification-center is-layout-flex wp-container-core-social-links-is-layout-a89b3969 wp-block-social-links-is-layout-flex\"><li class=\"wp-social-link wp-social-link-facebook has-contrast-color wp-block-social-link\"><a href=\"https:\/\/www.facebook.com\/therapierennes\" class=\"wp-block-social-link-anchor\"><svg width=\"24\" height=\"24\" viewBox=\"0 0 24 24\" version=\"1.1\" xmlns=\"http:\/\/www.w3.org\/2000\/svg\" aria-hidden=\"true\" focusable=\"false\"><path d=\"M12 2C6.5 2 2 6.5 2 12c0 5 3.7 9.1 8.4 9.9v-7H7.9V12h2.5V9.8c0-2.5 1.5-3.9 3.8-3.9 1.1 0 2.2.2 2.2.2v2.5h-1.3c-1.2 0-1.6.8-1.6 1.6V12h2.8l-.4 2.9h-2.3v7C18.3 21.1 22 17 22 12c0-5.5-4.5-10-10-10z\"><\/path><\/svg><span class=\"wp-block-social-link-label screen-reader-text\">Facebook<\/span><\/a><\/li>\n\n<li class=\"wp-social-link wp-social-link-instagram has-contrast-color wp-block-social-link\"><a href=\"https:\/\/www.instagram.com\/alhypno35\/\" class=\"wp-block-social-link-anchor\"><svg width=\"24\" height=\"24\" viewBox=\"0 0 24 24\" version=\"1.1\" xmlns=\"http:\/\/www.w3.org\/2000\/svg\" aria-hidden=\"true\" focusable=\"false\"><path d=\"M12,4.622c2.403,0,2.688,0.009,3.637,0.052c0.877,0.04,1.354,0.187,1.671,0.31c0.42,0.163,0.72,0.358,1.035,0.673 c0.315,0.315,0.51,0.615,0.673,1.035c0.123,0.317,0.27,0.794,0.31,1.671c0.043,0.949,0.052,1.234,0.052,3.637 s-0.009,2.688-0.052,3.637c-0.04,0.877-0.187,1.354-0.31,1.671c-0.163,0.42-0.358,0.72-0.673,1.035 c-0.315,0.315-0.615,0.51-1.035,0.673c-0.317,0.123-0.794,0.27-1.671,0.31c-0.949,0.043-1.233,0.052-3.637,0.052 s-2.688-0.009-3.637-0.052c-0.877-0.04-1.354-0.187-1.671-0.31c-0.42-0.163-0.72-0.358-1.035-0.673 c-0.315-0.315-0.51-0.615-0.673-1.035c-0.123-0.317-0.27-0.794-0.31-1.671C4.631,14.688,4.622,14.403,4.622,12 s0.009-2.688,0.052-3.637c0.04-0.877,0.187-1.354,0.31-1.671c0.163-0.42,0.358-0.72,0.673-1.035 c0.315-0.315,0.615-0.51,1.035-0.673c0.317-0.123,0.794-0.27,1.671-0.31C9.312,4.631,9.597,4.622,12,4.622 M12,3 C9.556,3,9.249,3.01,8.289,3.054C7.331,3.098,6.677,3.25,6.105,3.472C5.513,3.702,5.011,4.01,4.511,4.511 c-0.5,0.5-0.808,1.002-1.038,1.594C3.25,6.677,3.098,7.331,3.054,8.289C3.01,9.249,3,9.556,3,12c0,2.444,0.01,2.751,0.054,3.711 c0.044,0.958,0.196,1.612,0.418,2.185c0.23,0.592,0.538,1.094,1.038,1.594c0.5,0.5,1.002,0.808,1.594,1.038 c0.572,0.222,1.227,0.375,2.185,0.418C9.249,20.99,9.556,21,12,21s2.751-0.01,3.711-0.054c0.958-0.044,1.612-0.196,2.185-0.418 c0.592-0.23,1.094-0.538,1.594-1.038c0.5-0.5,0.808-1.002,1.038-1.594c0.222-0.572,0.375-1.227,0.418-2.185 C20.99,14.751,21,14.444,21,12s-0.01-2.751-0.054-3.711c-0.044-0.958-0.196-1.612-0.418-2.185c-0.23-0.592-0.538-1.094-1.038-1.594 c-0.5-0.5-1.002-0.808-1.594-1.038c-0.572-0.222-1.227-0.375-2.185-0.418C14.751,3.01,14.444,3,12,3L12,3z M12,7.378 c-2.552,0-4.622,2.069-4.622,4.622S9.448,16.622,12,16.622s4.622-2.069,4.622-4.622S14.552,7.378,12,7.378z M12,15 c-1.657,0-3-1.343-3-3s1.343-3,3-3s3,1.343,3,3S13.657,15,12,15z M16.804,6.116c-0.596,0-1.08,0.484-1.08,1.08 s0.484,1.08,1.08,1.08c0.596,0,1.08-0.484,1.08-1.08S17.401,6.116,16.804,6.116z\"><\/path><\/svg><span class=\"wp-block-social-link-label screen-reader-text\">Instagram<\/span><\/a><\/li><\/ul>\n<\/div>\n<\/div>\n\n\n\n<p><\/p>\n","protected":false},"excerpt":{"rendered":"<p>\u00c0 chaque instant, une personne fait le meilleur choix qui est \u00e0 sa disposition L\u2019hypnose est un \u00e9tat de conscience modifi\u00e9 qui facilite le changement. Dans cet \u00e9tat, les solutions \u00e9mergent naturellement, comme si elles avaient toujours \u00e9t\u00e9 en vous. De nouveaux apprentissages plus b\u00e9n\u00e9fiques peuvent alors s\u2019ancrer durablement. Une \u00e0 cinq s\u00e9ances suffisent g\u00e9n\u00e9ralement. [&hellip;]<\/p>\n","protected":false},"author":1,"featured_media":0,"parent":0,"menu_order":0,"comment_status":"closed","ping_status":"closed","template":"page-no-title","meta":{"footnotes":""},"class_list":["post-5","page","type-page","status-publish","hentry"],"_links":{"self":[{"href":"http:\/\/hypnose-aline.com\/index.php?rest_route=\/wp\/v2\/pages\/5","targetHints":{"allow":["GET"]}}],"collection":[{"href":"http:\/\/hypnose-aline.com\/index.php?rest_route=\/wp\/v2\/pages"}],"about":[{"href":"http:\/\/hypnose-aline.com\/index.php?rest_route=\/wp\/v2\/types\/page"}],"author":[{"embeddable":true,"href":"http:\/\/hypnose-aline.com\/index.php?rest_route=\/wp\/v2\/users\/1"}],"replies":[{"embeddable":true,"href":"http:\/\/hypnose-aline.com\/index.php?rest_route=%2Fwp%2Fv2%2Fcomments&post=5"}],"version-history":[{"count":33,"href":"http:\/\/hypnose-aline.com\/index.php?rest_route=\/wp\/v2\/pages\/5\/revisions"}],"predecessor-version":[{"id":99,"href":"http:\/\/hypnose-aline.com\/index.php?rest_route=\/wp\/v2\/pages\/5\/revisions\/99"}],"wp:attachment":[{"href":"http:\/\/hypnose-aline.com\/index.php?rest_route=%2Fwp%2Fv2%2Fmedia&parent=5"}],"curies":[{"name":"wp","href":"https:\/\/api.w.org\/{rel}","templated":true}]}}