{"id":105,"date":"2025-06-15T16:54:23","date_gmt":"2025-06-15T14:54:23","guid":{"rendered":"http:\/\/hypnose-aline.com\/?page_id=105"},"modified":"2025-06-15T16:54:23","modified_gmt":"2025-06-15T14:54:23","slug":"mentions-legales","status":"publish","type":"page","link":"http:\/\/hypnose-aline.com\/?page_id=105","title":{"rendered":"Mentions l\u00e9gales"},"content":{"rendered":"\n<p>L\u2019hypnose ne se substitue pas au diagnostic m\u00e9dical et aucun traitement ne peut-\u00eatre suspendu sans l\u2019avis du m\u00e9decin.<\/p>\n\n\n\n<p>Je suis adh\u00e9rente au Syndicat Unitaire des professionnels de l\u2019Hypnose SUP-H. <\/p>\n\n\n\n<p>Je respecte la Charte de D\u00e9ontologie des professionnels<br>de l\u2019hypnose et des th\u00e9rapies br\u00e8ves.<\/p>\n\n\n\n<p>Conform\u00e9ment aux articles L.616-1 et R.616-1 du code de la consommation, nous proposons un dispositif de m\u00e9diation de la consommation.<\/p>\n\n\n\n<p>L\u2019entit\u00e9 de m\u00e9diation retenue est MCP M\u00e9diation &#8211; 12 square Desnouettes 75015 Paris &#8211; www.mcpmediation.org<\/p>\n\n\n\n<p><\/p>\n","protected":false},"excerpt":{"rendered":"<p>L\u2019hypnose ne se substitue pas au diagnostic m\u00e9dical et aucun traitement ne peut-\u00eatre suspendu sans l\u2019avis du m\u00e9decin. Je suis adh\u00e9rente au Syndicat Unitaire des professionnels de l\u2019Hypnose SUP-H. Je respecte la Charte de D\u00e9ontologie des professionnelsde l\u2019hypnose et des th\u00e9rapies br\u00e8ves. Conform\u00e9ment aux articles L.616-1 et R.616-1 du code de la consommation, nous proposons [&hellip;]<\/p>\n","protected":false},"author":1,"featured_media":0,"parent":0,"menu_order":0,"comment_status":"closed","ping_status":"closed","template":"","meta":{"footnotes":""},"class_list":["post-105","page","type-page","status-publish","hentry"],"_links":{"self":[{"href":"http:\/\/hypnose-aline.com\/index.php?rest_route=\/wp\/v2\/pages\/105","targetHints":{"allow":["GET"]}}],"collection":[{"href":"http:\/\/hypnose-aline.com\/index.php?rest_route=\/wp\/v2\/pages"}],"about":[{"href":"http:\/\/hypnose-aline.com\/index.php?rest_route=\/wp\/v2\/types\/page"}],"author":[{"embeddable":true,"href":"http:\/\/hypnose-aline.com\/index.php?rest_route=\/wp\/v2\/users\/1"}],"replies":[{"embeddable":true,"href":"http:\/\/hypnose-aline.com\/index.php?rest_route=%2Fwp%2Fv2%2Fcomments&post=105"}],"version-history":[{"count":1,"href":"http:\/\/hypnose-aline.com\/index.php?rest_route=\/wp\/v2\/pages\/105\/revisions"}],"predecessor-version":[{"id":106,"href":"http:\/\/hypnose-aline.com\/index.php?rest_route=\/wp\/v2\/pages\/105\/revisions\/106"}],"wp:attachment":[{"href":"http:\/\/hypnose-aline.com\/index.php?rest_route=%2Fwp%2Fv2%2Fmedia&parent=105"}],"curies":[{"name":"wp","href":"https:\/\/api.w.org\/{rel}","templated":true}]}}