{"id":100,"date":"2025-06-15T16:48:33","date_gmt":"2025-06-15T14:48:33","guid":{"rendered":"http:\/\/hypnose-aline.com\/?page_id=100"},"modified":"2025-06-15T16:48:33","modified_gmt":"2025-06-15T14:48:33","slug":"applications","status":"publish","type":"page","link":"http:\/\/hypnose-aline.com\/?page_id=100","title":{"rendered":"Applications"},"content":{"rendered":"\n<div class=\"wp-block-group alignfull has-global-padding is-layout-constrained wp-container-core-group-is-layout-ebee8dc1 wp-block-group-is-layout-constrained\" style=\"margin-top:0;margin-bottom:0;padding-top:var(--wp--preset--spacing--50);padding-bottom:var(--wp--preset--spacing--50)\">\n<h2 class=\"wp-block-heading alignwide\">Applications<\/h2>\n\n\n\n<div class=\"wp-block-columns alignwide is-layout-flex wp-container-core-columns-is-layout-28f84493 wp-block-columns-is-layout-flex\">\n<div class=\"wp-block-column is-layout-flow wp-block-column-is-layout-flow\">\n<figure class=\"wp-block-image size-full\" style=\"margin-bottom:24px\"><img loading=\"lazy\" decoding=\"async\" width=\"425\" height=\"425\" src=\"http:\/\/hypnose-aline.com\/wp-content\/uploads\/2025\/03\/PertePoids.png\" alt=\"\" class=\"wp-image-55\" style=\"aspect-ratio:4\/3;object-fit:cover\" srcset=\"http:\/\/hypnose-aline.com\/wp-content\/uploads\/2025\/03\/PertePoids.png 425w, http:\/\/hypnose-aline.com\/wp-content\/uploads\/2025\/03\/PertePoids-300x300.png 300w, http:\/\/hypnose-aline.com\/wp-content\/uploads\/2025\/03\/PertePoids-150x150.png 150w\" sizes=\"auto, (max-width: 425px) 100vw, 425px\" \/><\/figure>\n\n\n\n<h3 class=\"wp-block-heading\">Perte de poids<\/h3>\n\n\n\n<p class=\"has-medium-font-size\"><strong>J\u2019\u00e9coute et recueille les \u00e9l\u00e9ments essentiels pour concevoir des s\u00e9ances adapt\u00e9es \u00e0 vos besoins. <\/strong>Derri\u00e8re le surpoids se cachent des \u00e9motions, des comportements, un m\u00e9tabolisme. Qu\u2019il s\u2019agisse de kilos install\u00e9s au fil des ann\u00e9es ou d\u2019un changement li\u00e9 \u00e0 une p\u00e9riode particuli\u00e8re de votre vie, rien n\u2019est fig\u00e9.<br>Le premier rendez-vous permet de d\u00e9finir votre objectif. Pas \u00e0 pas, je vous accompagne ensuite avec bienveillance dans cette transformation.<\/p>\n<\/div>\n\n\n\n<div class=\"wp-block-column is-layout-flow wp-block-column-is-layout-flow\">\n<figure class=\"wp-block-image size-full\" style=\"margin-bottom:24px\"><img loading=\"lazy\" decoding=\"async\" width=\"425\" height=\"425\" src=\"http:\/\/hypnose-aline.com\/wp-content\/uploads\/2025\/03\/Anneau.png\" alt=\"\" class=\"wp-image-56\" style=\"aspect-ratio:4\/3;object-fit:cover\" srcset=\"http:\/\/hypnose-aline.com\/wp-content\/uploads\/2025\/03\/Anneau.png 425w, http:\/\/hypnose-aline.com\/wp-content\/uploads\/2025\/03\/Anneau-300x300.png 300w, http:\/\/hypnose-aline.com\/wp-content\/uploads\/2025\/03\/Anneau-150x150.png 150w\" sizes=\"auto, (max-width: 425px) 100vw, 425px\" \/><\/figure>\n\n\n\n<h3 class=\"wp-block-heading\">Anneau gastrique virtuel &#8211; 5 s\u00e9ances<\/h3>\n\n\n\n<p class=\"has-medium-font-size\"><strong>Retrouvez votre \u00e9quilibre en douceur.<\/strong><br>Un accompagnement complet, recommand\u00e9 pour un indice de masse corporelle de 35 ou plus.<br>D\u00e8s la premi\u00e8re rencontre, nous \u00e9tablissons ensemble les r\u00e8gles d\u2019or pour atteindre votre objectif. Je vous explique chaque \u00e9tape avant la pose de votre anneau virtuel, pr\u00e9vue lors de la 4<sub><sup>e<\/sup><\/sub> s\u00e9ance. Nous \u00e9changeons librement, et je r\u00e9ponds \u00e0 toutes vos questions.<br>Des changements d\u2019habitudes sont n\u00e9cessaires. Les trois premiers rendez-vous vous aident \u00e0 les ancrer en douceur, sans frustration, pour une transition naturelle. Enfin, la derni\u00e8re s\u00e9ance permet de faire le point et d\u2019assurer le suivi de votre \u00e9volution.<\/p>\n<\/div>\n\n\n\n<div class=\"wp-block-column is-layout-flow wp-block-column-is-layout-flow\">\n<figure class=\"wp-block-image size-full\" style=\"margin-bottom:24px\"><img loading=\"lazy\" decoding=\"async\" width=\"425\" height=\"425\" src=\"http:\/\/hypnose-aline.com\/wp-content\/uploads\/2025\/03\/Confiance.png\" alt=\"\" class=\"wp-image-57\" style=\"aspect-ratio:4\/3;object-fit:cover\" srcset=\"http:\/\/hypnose-aline.com\/wp-content\/uploads\/2025\/03\/Confiance.png 425w, http:\/\/hypnose-aline.com\/wp-content\/uploads\/2025\/03\/Confiance-300x300.png 300w, http:\/\/hypnose-aline.com\/wp-content\/uploads\/2025\/03\/Confiance-150x150.png 150w\" sizes=\"auto, (max-width: 425px) 100vw, 425px\" \/><\/figure>\n\n\n\n<h3 class=\"wp-block-heading\">Confiance en soi<\/h3>\n\n\n\n<p class=\"has-medium-font-size\"><strong>Vous est-il d\u00e9j\u00e0 arriv\u00e9 de ressentir une \u00e9motion si forte qu\u2019elle impacte votre vie ?<\/strong> Un examen, un entretien, une prise de parole en public\u2026 Vous avez l\u2019impression d\u2019\u00e9chouer avant m\u00eame d\u2019essayer ? Le doute s\u2019installe ?<br>Vous \u00eates au bon endroit. Votre inconscient poss\u00e8de d\u00e9j\u00e0 les ressources n\u00e9cessaires pour que votre confiance reprenne toute sa place.<\/p>\n<\/div>\n<\/div>\n<\/div>\n\n\n\n<div class=\"wp-block-group alignfull has-global-padding is-layout-constrained wp-container-core-group-is-layout-ebee8dc1 wp-block-group-is-layout-constrained\" style=\"margin-top:0;margin-bottom:0;padding-top:var(--wp--preset--spacing--50);padding-bottom:var(--wp--preset--spacing--50)\">\n<div class=\"wp-block-columns alignwide is-layout-flex wp-container-core-columns-is-layout-28f84493 wp-block-columns-is-layout-flex\">\n<div class=\"wp-block-column is-layout-flow wp-block-column-is-layout-flow\">\n<figure class=\"wp-block-image size-full\" style=\"margin-bottom:24px\"><img loading=\"lazy\" decoding=\"async\" width=\"425\" height=\"425\" src=\"http:\/\/hypnose-aline.com\/wp-content\/uploads\/2025\/03\/ExperienceDifficile.png\" alt=\"\" class=\"wp-image-58\" style=\"aspect-ratio:4\/3;object-fit:cover\" srcset=\"http:\/\/hypnose-aline.com\/wp-content\/uploads\/2025\/03\/ExperienceDifficile.png 425w, http:\/\/hypnose-aline.com\/wp-content\/uploads\/2025\/03\/ExperienceDifficile-300x300.png 300w, http:\/\/hypnose-aline.com\/wp-content\/uploads\/2025\/03\/ExperienceDifficile-150x150.png 150w\" sizes=\"auto, (max-width: 425px) 100vw, 425px\" \/><\/figure>\n\n\n\n<h3 class=\"wp-block-heading\">Exp\u00e9rience difficile<\/h3>\n\n\n\n<p class=\"has-medium-font-size\"><strong>La vie est une succession d\u2019exp\u00e9riences, certaines lumineuses, d\u2019autres plus \u00e9prouvantes. <\/strong>De l\u2019enfance \u00e0 l\u2019\u00e2ge adulte, chaque v\u00e9cu laisse une empreinte. Les exp\u00e9riences n\u00e9gatives peuvent engendrer des blocages, des peurs, des \u00e9motions qui vous freinent et vous emp\u00eachent de vivre pleinement.<\/p>\n<\/div>\n\n\n\n<div class=\"wp-block-column is-layout-flow wp-block-column-is-layout-flow\">\n<figure class=\"wp-block-image size-full\" style=\"margin-bottom:24px\"><img loading=\"lazy\" decoding=\"async\" width=\"425\" height=\"425\" src=\"http:\/\/hypnose-aline.com\/wp-content\/uploads\/2025\/03\/ArretTabac.png\" alt=\"\" class=\"wp-image-59\" style=\"aspect-ratio:4\/3;object-fit:cover\" srcset=\"http:\/\/hypnose-aline.com\/wp-content\/uploads\/2025\/03\/ArretTabac.png 425w, http:\/\/hypnose-aline.com\/wp-content\/uploads\/2025\/03\/ArretTabac-300x300.png 300w, http:\/\/hypnose-aline.com\/wp-content\/uploads\/2025\/03\/ArretTabac-150x150.png 150w\" sizes=\"auto, (max-width: 425px) 100vw, 425px\" \/><\/figure>\n\n\n\n<h3 class=\"wp-block-heading\">Tabac<\/h3>\n\n\n\n<p class=\"has-medium-font-size\"><strong>Et si vous pouviez vous lib\u00e9rer du tabac plus facilement que vous ne l\u2019imaginez ?<\/strong><br>G\u00e9n\u00e9ralement, trois s\u00e9ances suffisent pour vous d\u00e9barrasser de cette habitude. D\u00e8s le premier rendez-vous, nous \u00e9changeons sur votre histoire avec le tabac afin de personnaliser vos s\u00e9ances.<br>L\u2019objectif : op\u00e9rer ce changement en douceur, sans les inconforts que tout fumeur redoute. Vous voyez ce que je veux dire ?<\/p>\n<\/div>\n\n\n\n<div class=\"wp-block-column is-layout-flow wp-block-column-is-layout-flow\">\n<figure class=\"wp-block-image size-full\" style=\"margin-bottom:24px\"><img loading=\"lazy\" decoding=\"async\" width=\"425\" height=\"425\" src=\"http:\/\/hypnose-aline.com\/wp-content\/uploads\/2025\/03\/Optimisation.png\" alt=\"\" class=\"wp-image-60\" style=\"aspect-ratio:4\/3;object-fit:cover\" srcset=\"http:\/\/hypnose-aline.com\/wp-content\/uploads\/2025\/03\/Optimisation.png 425w, http:\/\/hypnose-aline.com\/wp-content\/uploads\/2025\/03\/Optimisation-300x300.png 300w, http:\/\/hypnose-aline.com\/wp-content\/uploads\/2025\/03\/Optimisation-150x150.png 150w\" sizes=\"auto, (max-width: 425px) 100vw, 425px\" \/><\/figure>\n\n\n\n<h3 class=\"wp-block-heading\">Optimisation du potentiel<\/h3>\n\n\n\n<p class=\"has-medium-font-size\"><strong>Allier performance et s\u00e9r\u00e9nit\u00e9 au quotidien, c\u2019est possible !<\/strong><br>Vous souhaitez gagner en efficacit\u00e9, en rigueur et en organisation ? \u00catre plus performant dans vos apprentissages, plus structur\u00e9 ? Que ce soit dans votre vie professionnelle, personnelle ou les deux, offrez-vous la possibilit\u00e9 d\u2019all\u00e9ger votre charge mentale et votre stress.<br>Profitez pleinement de ce qui est essentiel pour vous, tout en d\u00e9veloppant votre potentiel.<\/p>\n<\/div>\n<\/div>\n<\/div>\n","protected":false},"excerpt":{"rendered":"<p>Applications Perte de poids J\u2019\u00e9coute et recueille les \u00e9l\u00e9ments essentiels pour concevoir des s\u00e9ances adapt\u00e9es \u00e0 vos besoins. Derri\u00e8re le surpoids se cachent des \u00e9motions, des comportements, un m\u00e9tabolisme. Qu\u2019il s\u2019agisse de kilos install\u00e9s au fil des ann\u00e9es ou d\u2019un changement li\u00e9 \u00e0 une p\u00e9riode particuli\u00e8re de votre vie, rien n\u2019est fig\u00e9.Le premier rendez-vous permet [&hellip;]<\/p>\n","protected":false},"author":1,"featured_media":0,"parent":0,"menu_order":0,"comment_status":"closed","ping_status":"closed","template":"","meta":{"footnotes":""},"class_list":["post-100","page","type-page","status-publish","hentry"],"_links":{"self":[{"href":"http:\/\/hypnose-aline.com\/index.php?rest_route=\/wp\/v2\/pages\/100","targetHints":{"allow":["GET"]}}],"collection":[{"href":"http:\/\/hypnose-aline.com\/index.php?rest_route=\/wp\/v2\/pages"}],"about":[{"href":"http:\/\/hypnose-aline.com\/index.php?rest_route=\/wp\/v2\/types\/page"}],"author":[{"embeddable":true,"href":"http:\/\/hypnose-aline.com\/index.php?rest_route=\/wp\/v2\/users\/1"}],"replies":[{"embeddable":true,"href":"http:\/\/hypnose-aline.com\/index.php?rest_route=%2Fwp%2Fv2%2Fcomments&post=100"}],"version-history":[{"count":2,"href":"http:\/\/hypnose-aline.com\/index.php?rest_route=\/wp\/v2\/pages\/100\/revisions"}],"predecessor-version":[{"id":103,"href":"http:\/\/hypnose-aline.com\/index.php?rest_route=\/wp\/v2\/pages\/100\/revisions\/103"}],"wp:attachment":[{"href":"http:\/\/hypnose-aline.com\/index.php?rest_route=%2Fwp%2Fv2%2Fmedia&parent=100"}],"curies":[{"name":"wp","href":"https:\/\/api.w.org\/{rel}","templated":true}]}}